{"id":5006,"date":"2024-11-01T17:24:28","date_gmt":"2024-11-01T16:24:28","guid":{"rendered":"https:\/\/enseso4food.com\/?page_id=5006"},"modified":"2024-11-01T21:31:59","modified_gmt":"2024-11-01T20:31:59","slug":"qr","status":"publish","type":"page","link":"https:\/\/enseso4food.com\/hr\/qr\/","title":{"rendered":"QR"},"content":{"rendered":"<div class=\"eut-section eut-row-section eut-fullwidth-background eut-padding-top-6x eut-padding-bottom-6x eut-bg-none\"  style=\"color:#ffffff;\"><div class=\"eut-container\"><div class=\"eut-row eut-bookmark eut-columns-gap-30\"><div class=\"eut-column wpb_column eut-column-1 eut-headings-light\"  style=\"color:#ffffff;\" ><div class=\"eut-column-wrapper\" ><h1 class=\"eut-element eut-title eut-align-center eut-animated-item eut-fade-in-up eut-duration-fast eut-h1\" style=\"\" data-delay=\"200\"><span><span style=\"color: #ffffff;\">ENSESO4FOOD<\/span><\/span><\/h1><div class=\"eut-element eut-text eut-leader-text eut-animated-item eut-fade-in-up eut-duration-fast\" data-delay=\"200\">\r\n\t\t\t<p style=\"text-align: center;\"><span style=\"color: #ffffff;\">Master FSMA Compliance with ENESESO4Food&#8217;s Traceability Solution<\/span><\/p>\n\r\n\t\t<\/div>\r\n\t<\/div><\/div><\/div><\/div><div class=\"eut-background-wrapper\">  <div class=\"eut-bg-image eut-bg-center-center eut-bg-image-id-5026\"   style=\"background-image: url(https:\/\/enseso4food.com\/wp-content\/uploads\/2024\/11\/29589.jpg);\"><\/div>  <div class=\"eut-bg-overlay eut-bg-dark eut-opacity-30\"><\/div>  <div class=\"eut-pattern\"><\/div><\/div><div class=\"eut-separator-bottom\"><svg class=\"eut-separator eut-tilt-left-separator\" xmlns=\"http:\/\/www.w3.org\/2000\/svg\" version=\"1.1\" fill=\"#ffffff\" width=\"100%\" height=\"90\" viewbox=\"0 0 1920 90\" preserveaspectratio=\"none\"><polygon class=\"fil0\" points=\"0,90 1920,90 0,0 \"\/><\/svg><\/div><\/div><div class=\"eut-section eut-row-section eut-fullwidth-background eut-padding-top-1x eut-padding-bottom-1x eut-bg-none\"><div class=\"eut-container\"><div class=\"eut-row eut-bookmark eut-columns-gap-30\"><div class=\"eut-column wpb_column eut-column-1\" ><div class=\"eut-column-wrapper\" ><h3 class=\"eut-element eut-title eut-align-center eut-animated-item eut-fade-in-up eut-duration-normal eut-h4\" style=\"\" data-delay=\"200\"><span><br>\n<p style=\"text-align: center;\">Simplify food traceability and streamline operations.<br>\n<\/span><\/h3><\/div><\/div><\/div><\/div><div class=\"eut-background-wrapper\"><\/div><\/div><div class=\"eut-section eut-row-section eut-fullwidth-background eut-padding-top-1x eut-padding-bottom-1x eut-bg-none\"><div class=\"eut-container\"><div class=\"eut-row eut-bookmark eut-columns-gap-30\"><div class=\"eut-column wpb_column eut-column-1-3\" ><div class=\"eut-column-wrapper\" ><h3 class=\"eut-element eut-title eut-align-center eut-animated-item eut-fade-in-up eut-duration-normal eut-h3\" style=\"\" data-delay=\"200\"><span><br>\n<h4><img loading=\"lazy\" decoding=\"async\" class=\"aligncenter wp-image-4857\" role=\"img\" src=\"https:\/\/enseso4food.com\/wp-content\/uploads\/2024\/01\/flag_7144567.svg\" alt=\"\" width=\"80\" height=\"80\" \/>Mission statement<\/h4>\n<\/span><\/h3><div class=\"eut-element eut-text eut-animated-item eut-fade-in-up eut-duration-normal\" data-delay=\"200\">\r\n\t\t\t<p style=\"text-align: center;\">Align your supplier compliance with your accountability and create consumer trust using the ENSESO4Food Trakkey SaaS to provide food traceability and deliver low cost farm-to-fork visibility.<\/p>\n\r\n\t\t<\/div>\r\n\t<\/div><\/div><div class=\"eut-column wpb_column eut-column-1-3\" ><div class=\"eut-column-wrapper\" ><h3 class=\"eut-element eut-title eut-align-center eut-animated-item eut-fade-in-up eut-duration-normal eut-h3\" style=\"\" data-delay=\"200\"><span><br>\n<h4><img loading=\"lazy\" decoding=\"async\" class=\"aligncenter wp-image-4864\" role=\"img\" src=\"https:\/\/enseso4food.com\/wp-content\/uploads\/2024\/01\/startup_1067256.svg\" alt=\"\" width=\"80\" height=\"80\" \/>Vision statement<\/h4>\n<\/span><\/h3><div class=\"eut-element eut-text eut-animated-item eut-fade-in-up eut-duration-normal\" data-delay=\"200\">\r\n\t\t\t<p style=\"text-align: center;\">Transition your supply chain from reactive to proactive compliance with accurate actionable traceability information. A proactive supply chaiin reduces recall response time, improves quality, reduces costs, drives consumer satisafaction.<\/p>\n\r\n\t\t<\/div>\r\n\t<\/div><\/div><div class=\"eut-column wpb_column eut-column-1-3\" ><div class=\"eut-column-wrapper\" ><h3 class=\"eut-element eut-title eut-align-center eut-animated-item eut-fade-in-up eut-duration-normal eut-h3\" style=\"\" data-delay=\"200\"><span><br>\n<h4><img loading=\"lazy\" decoding=\"async\" class=\"aligncenter wp-image-4857\" role=\"img\" src=\"https:\/\/enseso4food.com\/wp-content\/uploads\/2024\/01\/flag_7144567.svg\" alt=\"\" width=\"80\" height=\"80\" \/>Mission statement<\/h4>\n<\/span><\/h3><div class=\"eut-element eut-text eut-animated-item eut-fade-in-up eut-duration-normal\" data-delay=\"200\">\r\n\t\t\t<p style=\"text-align: center;\">We collaborate, not compete. Our job is to get your systems ready for FSMA204 and lay the groundwork for your customer&#8217;s emerging supply chain needs.<\/p>\n\r\n\t\t<\/div>\r\n\t<\/div><\/div><\/div><\/div><div class=\"eut-background-wrapper\"><\/div><\/div><div class=\"eut-section eut-row-section eut-fullwidth-background eut-padding-top-3x eut-padding-bottom-4x eut-bg-none\"><div class=\"eut-container\"><div class=\"eut-row eut-bookmark eut-columns-gap-30\"><div class=\"eut-column wpb_column eut-column-1\" ><div class=\"eut-column-wrapper\" ><div class=\"eut-element eut-image eut-align-center\" style=\"\">  <div class=\"eut-image-wrapper\"><img loading=\"lazy\" decoding=\"async\" width=\"244\" height=\"87\" src=\"https:\/\/enseso4food.com\/wp-content\/uploads\/2024\/11\/logo.svg\" class=\"attachment-full size-full\" alt=\"\" \/>   <\/div><\/div><\/div><\/div><\/div><\/div><div class=\"eut-background-wrapper\">  <div class=\"eut-bg-image eut-bg-center-center eut-bg-image-id-5032\"   style=\"background-image: url(https:\/\/enseso4food.com\/wp-content\/uploads\/2024\/11\/95.jpg);\"><\/div>  <div class=\"eut-bg-overlay eut-bg-dark eut-opacity-50\"><\/div>  <div class=\"eut-pattern\"><\/div><\/div><\/div><div class=\"eut-section eut-row-section eut-fullwidth-background eut-padding-top-3x eut-padding-bottom-3x eut-bg-none\"><div class=\"eut-container\"><div class=\"eut-row eut-bookmark eut-columns-gap-60\"><div class=\"eut-column wpb_column eut-column-1-6\" ><div class=\"eut-column-wrapper\" ><\/div><\/div><div class=\"eut-column wpb_column eut-column-2-3\" ><div class=\"eut-column-wrapper\" ><h1 class=\"eut-element eut-title eut-align-center eut-h4\" style=\"\"><span>Molimo vas da ispunite obrazac ili nam po\u0161aljite email i javiti \u0107emo se ubrzo<\/span><\/h1><h3 class=\"eut-element eut-title eut-align-center eut-subtitle-text\" style=\"\"><span><a href=\"mailto:info@enseso4food.com\">info@enseso4food.com<\/a><\/span><\/h3><\/div><\/div><div class=\"eut-column wpb_column eut-column-1-6\" ><div class=\"eut-column-wrapper\" ><\/div><\/div><\/div><\/div><div class=\"eut-background-wrapper\"><\/div><\/div><div class=\"eut-section eut-row-section eut-fullwidth-background eut-padding-top-1x eut-padding-bottom-1x eut-bg-none\"><div class=\"eut-container\"><div class=\"eut-row eut-bookmark eut-columns-gap-30\"><div class=\"eut-column wpb_column eut-column-1-4\" ><div class=\"eut-column-wrapper\" ><\/div><\/div><div class=\"eut-column wpb_column eut-column-1-2\" ><div class=\"eut-column-wrapper\" >\n<div class=\"wpcf7 no-js\" id=\"wpcf7-f5011-o1\" lang=\"en-US\" dir=\"ltr\" data-wpcf7-id=\"5011\">\n<div class=\"screen-reader-response\"><p role=\"status\" aria-live=\"polite\" aria-atomic=\"true\"><\/p> <ul><\/ul><\/div>\n<form action=\"\/hr\/wp-json\/wp\/v2\/pages\/5006#wpcf7-f5011-o1\" method=\"post\" class=\"wpcf7-form init\" aria-label=\"Contact form\" novalidate=\"novalidate\" data-status=\"init\" data-trp-original-action=\"\/hr\/wp-json\/wp\/v2\/pages\/5006#wpcf7-f5011-o1\">\n<div style=\"display: none;\">\n<input type=\"hidden\" name=\"_wpcf7\" value=\"5011\" \/>\n<input type=\"hidden\" name=\"_wpcf7_version\" value=\"6.0.6\" \/>\n<input type=\"hidden\" name=\"_wpcf7_locale\" value=\"en_US\" \/>\n<input type=\"hidden\" name=\"_wpcf7_unit_tag\" value=\"wpcf7-f5011-o1\" \/>\n<input type=\"hidden\" name=\"_wpcf7_container_post\" value=\"0\" \/>\n<input type=\"hidden\" name=\"_wpcf7_posted_data_hash\" value=\"\" \/>\n<input type=\"hidden\" name=\"_wpcf7_recaptcha_response\" value=\"\" \/>\n<\/div>\n<div class=\"eut-form eut-underline\">\n\t<div class=\"eut-fields-wrapper\">\n\t\t<div>\n\t\t\t<h6>Va\u0161e ime <i class=\"eut-text-primary-1\">*<\/i>\n\t\t\t<\/h6>\n\t\t\t<p><span class=\"wpcf7-form-control-wrap\" data-name=\"your-name\"><input size=\"40\" maxlength=\"400\" class=\"wpcf7-form-control wpcf7-text wpcf7-validates-as-required\" aria-required=\"true\" aria-invalid=\"false\" value=\"\" type=\"text\" name=\"your-name\" \/><\/span>\n\t\t\t<\/p>\n\t\t<\/div>\n\t\t<div>\n\t\t\t<h6>Company Name <i class=\"eut-text-primary-1\">*<\/i>\n\t\t\t<\/h6>\n\t\t\t<p><span class=\"wpcf7-form-control-wrap\" data-name=\"companyname\"><input size=\"40\" maxlength=\"400\" class=\"wpcf7-form-control wpcf7-text wpcf7-validates-as-required\" aria-required=\"true\" aria-invalid=\"false\" value=\"\" type=\"text\" name=\"companyname\" \/><\/span>\n\t\t\t<\/p>\n\t\t<\/div>\n\t\t<div>\n\t\t\t<h6>Your Title <i class=\"eut-text-primary-1\"><\/i>\n\t\t\t<\/h6>\n\t\t\t<p><span class=\"wpcf7-form-control-wrap\" data-name=\"yourtitle\"><input size=\"40\" maxlength=\"400\" class=\"wpcf7-form-control wpcf7-text\" aria-invalid=\"false\" value=\"\" type=\"text\" name=\"yourtitle\" \/><\/span>\n\t\t\t<\/p>\n\t\t<\/div>\n\t\t<div>\n\t\t\t<h6>Va\u0161 email <i class=\"eut-text-primary-1\">*<\/i>\n\t\t\t<\/h6>\n\t\t\t<p><span class=\"wpcf7-form-control-wrap\" data-name=\"your-email\"><input size=\"40\" maxlength=\"400\" class=\"wpcf7-form-control wpcf7-email wpcf7-validates-as-required wpcf7-text wpcf7-validates-as-email\" aria-required=\"true\" aria-invalid=\"false\" value=\"\" type=\"email\" name=\"your-email\" \/><\/span>\n\t\t\t<\/p>\n\t\t<\/div>\n\t\t<div>\n\t\t\t<h6>Your Phone <i class=\"eut-text-primary-1\"><\/i>\n\t\t\t<\/h6>\n\t\t\t<p><span class=\"wpcf7-form-control-wrap\" data-name=\"yourphone\"><input size=\"40\" maxlength=\"400\" class=\"wpcf7-form-control wpcf7-tel wpcf7-text wpcf7-validates-as-tel\" aria-invalid=\"false\" value=\"\" type=\"tel\" name=\"yourphone\" \/><\/span>\n\t\t\t<\/p>\n\t\t<\/div>\n\t\t<div>\n\t\t\t<h6>Website <i class=\"eut-text-primary-1\"><\/i>\n\t\t\t<\/h6>\n\t\t\t<p><span class=\"wpcf7-form-control-wrap\" data-name=\"website\"><input size=\"40\" maxlength=\"400\" class=\"wpcf7-form-control wpcf7-url wpcf7-text wpcf7-validates-as-url\" aria-invalid=\"false\" value=\"\" type=\"url\" name=\"website\" \/><\/span>\n\t\t\t<\/p>\n\t\t<\/div>\n\t\t<div>\n\t\t\t<h6>Interested in? <i class=\"eut-text-primary-1\">*<\/i>\n\t\t\t<\/h6>\n\t\t\t<p><span class=\"wpcf7-form-control-wrap\" data-name=\"interestedin\"><select class=\"wpcf7-form-control wpcf7-select wpcf7-validates-as-required\" aria-required=\"true\" aria-invalid=\"false\" multiple=\"multiple\" name=\"interestedin[]\"><option value=\"\">&#8212;Please choose an option&#8212;<\/option><option value=\"Food Traceability\">Food Traceability<\/option><option value=\"FSMA 204\">FSMA 204<\/option><option value=\"Operational improvements\">Operational improvements<\/option><option value=\"Sales and marketing ideas\">Sales and marketing ideas<\/option><\/select><\/span>\n\t\t\t<\/p>\n\t\t<\/div>\n\t\t<div>\n\t\t\t<p><input class=\"wpcf7-form-control wpcf7-submit has-spinner\" type=\"submit\" value=\"Po\u0161aljite poruku\" \/>\n\t\t\t<\/p>\n\t\t<\/div>\n\t\t<p><span class=\"wpcf7-form-control-wrap\" data-name=\"checkbox-privacy\"><span class=\"wpcf7-form-control wpcf7-checkbox wpcf7-validates-as-required\"><span class=\"wpcf7-list-item first last\"><input type=\"checkbox\" name=\"checkbox-privacy[]\" value=\"By providing these personal data, you acknowledge and agree that these personal data may be collected and processed for the purposes of contacting you or answering your queries. We will not use your personal data for other purposes.\" \/><span class=\"wpcf7-list-item-label\">Davanjem ovih osobnih podataka prihva\u0107ate i suglasni ste da se ti osobni podaci mogu prikupljati i obra\u0111ivati u svrhu kontaktiranja s vama ili odgovaranja na va\u0161e upite. Ne\u0107emo koristiti va\u0161e osobne podatke u druge svrhe.<\/span><\/span><\/span><\/span>\n\t\t<\/p>\n\t<\/div>\n<\/div><div class=\"wpcf7-response-output\" aria-hidden=\"true\"><\/div>\n<input type=\"hidden\" name=\"trp-form-language\" value=\"hr\"\/><\/form>\n<\/div>\n<\/div><\/div><div class=\"eut-column wpb_column eut-column-1-4\" ><div class=\"eut-column-wrapper\" ><\/div><\/div><\/div><\/div><div class=\"eut-background-wrapper\"><\/div><\/div><div class=\"eut-section eut-row-section eut-fullwidth-background eut-padding-top-3x eut-padding-bottom-3x eut-bg-none eut-headings-light eut-custom-height eut-equal-column\"  style=\"background-color:#1fc4be;background: linear-gradient(90deg,#1fc4be 0%,#41cfca 100%);color:#ffffff;\"><div class=\"eut-container\"><div class=\"eut-row eut-bookmark eut-columns-gap-30\"><div class=\"eut-column wpb_column eut-column-1-4\" ><div class=\"eut-column-wrapper\" ><h3 class=\"eut-element eut-title eut-align-center eut-h3\" style=\"\"><span>ENSESO4food<\/span><\/h3><\/div><\/div><div class=\"eut-column wpb_column eut-column-1-4 eut-headings-light\" ><div class=\"eut-column-wrapper vc_custom_1702241404559 eut-drop-shadow\" ><h3 class=\"eut-element eut-title eut-align-left eut-h5\" style=\"\"><span>Headquarters:<\/span><\/h3><div class=\"eut-element eut-text\">\r\n\t\t\t<p>Zagreb, Hrvatska<\/p>\n\r\n\t\t<\/div>\r\n\t<\/div><\/div><div class=\"eut-column wpb_column eut-column-1-4\" ><div class=\"eut-column-wrapper vc_custom_1702241388115 eut-drop-shadow\" ><h3 class=\"eut-element eut-title eut-align-left eut-h5\" style=\"\"><span>Ured:<\/span><\/h3><div class=\"eut-element eut-text\">\r\n\t\t\t<p>ENSESO4Food,LlC.<br \/>\n500 Carteret Street<br \/>\nBeaufort,SC\u00a029902<\/p>\n\r\n\t\t<\/div>\r\n\t<\/div><\/div><div class=\"eut-column wpb_column eut-column-1-4\" ><div class=\"eut-column-wrapper\" ><\/div><\/div><\/div><\/div><div class=\"eut-background-wrapper\"><\/div><\/div>","protected":false},"excerpt":{"rendered":"ENSESO4FOOD Master FSMA Compliance with ENESESO4Food's Traceability Solution Simplify food traceability and streamline operations. Mission statement Align your supplier compliance with your accountability and create consumer trust using the ENSESO4Food Trakkey SaaS to provide food traceability and deliver low cost farm-to-fork visibility. Vision statement Transition your supply chain from reactive to proactive compliance with accurate [...]","protected":false},"author":1,"featured_media":0,"parent":0,"menu_order":0,"comment_status":"closed","ping_status":"closed","template":"","meta":{"inline_featured_image":false,"footnotes":""},"class_list":["post-5006","page","type-page","status-publish","hentry"],"_links":{"self":[{"href":"https:\/\/enseso4food.com\/hr\/wp-json\/wp\/v2\/pages\/5006","targetHints":{"allow":["GET"]}}],"collection":[{"href":"https:\/\/enseso4food.com\/hr\/wp-json\/wp\/v2\/pages"}],"about":[{"href":"https:\/\/enseso4food.com\/hr\/wp-json\/wp\/v2\/types\/page"}],"author":[{"embeddable":true,"href":"https:\/\/enseso4food.com\/hr\/wp-json\/wp\/v2\/users\/1"}],"replies":[{"embeddable":true,"href":"https:\/\/enseso4food.com\/hr\/wp-json\/wp\/v2\/comments?post=5006"}],"version-history":[{"count":26,"href":"https:\/\/enseso4food.com\/hr\/wp-json\/wp\/v2\/pages\/5006\/revisions"}],"predecessor-version":[{"id":5039,"href":"https:\/\/enseso4food.com\/hr\/wp-json\/wp\/v2\/pages\/5006\/revisions\/5039"}],"wp:attachment":[{"href":"https:\/\/enseso4food.com\/hr\/wp-json\/wp\/v2\/media?parent=5006"}],"curies":[{"name":"wp","href":"https:\/\/api.w.org\/{rel}","templated":true}]}}