{"id":18,"date":"2015-02-24T16:21:42","date_gmt":"2015-02-24T16:21:42","guid":{"rendered":"http:\/\/www.ladeste.com\/?page_id=18"},"modified":"2024-01-06T17:17:35","modified_gmt":"2024-01-06T16:17:35","slug":"contact-us","status":"publish","type":"page","link":"https:\/\/enseso4food.com\/hr\/contact-us\/","title":{"rendered":"Kontakt"},"content":{"rendered":"<div class=\"eut-section eut-row-section eut-fullwidth-background eut-padding-top-6x eut-padding-bottom-6x eut-bg-none\"><div class=\"eut-container\"><div class=\"eut-row eut-bookmark eut-columns-gap-30\"><div class=\"eut-column wpb_column eut-column-1 eut-headings-light\"  style=\"color:#ffffff;\" ><div class=\"eut-column-wrapper\" ><h1 class=\"eut-element eut-title eut-align-center eut-animated-item eut-fade-in-up eut-duration-fast eut-h1\" style=\"\" data-delay=\"200\"><span><span style=\"color: #000000;\">Javite se !<\/span><\/span><\/h1><div class=\"eut-element eut-text eut-leader-text eut-animated-item eut-fade-in-up eut-duration-fast\" data-delay=\"200\">\r\n\t\t\t<p style=\"text-align: center;\"><span style=\"color: #000000;\">CIJENIMO POVRATNE INFORMACIJE<\/span><\/p>\n\r\n\t\t<\/div>\r\n\t<\/div><\/div><\/div><\/div><div class=\"eut-background-wrapper\">  <div class=\"eut-bg-image eut-bg-center-center eut-bg-image-id-4897\"   style=\"background-image: url(https:\/\/enseso4food.com\/wp-content\/uploads\/2024\/01\/27004700_74z_1988-1920x896.jpeg);\"><\/div><\/div><div class=\"eut-separator-bottom\"><svg class=\"eut-separator eut-tilt-left-separator\" xmlns=\"http:\/\/www.w3.org\/2000\/svg\" version=\"1.1\" fill=\"#ffffff\" width=\"100%\" height=\"60\" viewbox=\"0 0 1920 90\" preserveaspectratio=\"none\"><polygon class=\"fil0\" points=\"0,90 1920,90 0,0 \"\/><\/svg><\/div><\/div><div class=\"eut-section eut-row-section eut-fullwidth-background eut-padding-top-3x eut-padding-bottom-3x eut-bg-none\"><div class=\"eut-container\"><div class=\"eut-row eut-bookmark eut-columns-gap-60\"><div class=\"eut-column wpb_column eut-column-1-6\" ><div class=\"eut-column-wrapper\" ><\/div><\/div><div class=\"eut-column wpb_column eut-column-2-3\" ><div class=\"eut-column-wrapper\" ><h1 class=\"eut-element eut-title eut-align-center eut-h2\" style=\"\"><span>Molimo vas da ispunite obrazac ili nam po\u0161aljite email i javiti \u0107emo se ubrzo<\/span><\/h1><h3 class=\"eut-element eut-title eut-align-center eut-subtitle-text\" style=\"\"><span><a href=\"mailto:info@enseso4food.com\">info@enseso4food.com<\/a><\/span><\/h3><\/div><\/div><div class=\"eut-column wpb_column eut-column-1-6\" ><div class=\"eut-column-wrapper\" ><\/div><\/div><\/div><\/div><div class=\"eut-background-wrapper\"><\/div><\/div><div class=\"eut-section eut-row-section eut-fullwidth-background eut-padding-top-1x eut-padding-bottom-1x eut-bg-none\"><div class=\"eut-container\"><div class=\"eut-row eut-bookmark eut-columns-gap-30\"><div class=\"eut-column wpb_column eut-column-1-4\" ><div class=\"eut-column-wrapper\" ><\/div><\/div><div class=\"eut-column wpb_column eut-column-1-2\" ><div class=\"eut-column-wrapper\" >\n<div class=\"wpcf7 no-js\" id=\"wpcf7-f1988-o1\" lang=\"en-US\" dir=\"ltr\" data-wpcf7-id=\"1988\">\n<div class=\"screen-reader-response\"><p role=\"status\" aria-live=\"polite\" aria-atomic=\"true\"><\/p> <ul><\/ul><\/div>\n<form action=\"\/hr\/wp-json\/wp\/v2\/pages\/18#wpcf7-f1988-o1\" method=\"post\" class=\"wpcf7-form init\" aria-label=\"Contact form\" novalidate=\"novalidate\" data-status=\"init\" data-trp-original-action=\"\/hr\/wp-json\/wp\/v2\/pages\/18#wpcf7-f1988-o1\">\n<div style=\"display: none;\">\n<input type=\"hidden\" name=\"_wpcf7\" value=\"1988\" \/>\n<input type=\"hidden\" name=\"_wpcf7_version\" value=\"6.0.6\" \/>\n<input type=\"hidden\" name=\"_wpcf7_locale\" value=\"en_US\" \/>\n<input type=\"hidden\" name=\"_wpcf7_unit_tag\" value=\"wpcf7-f1988-o1\" \/>\n<input type=\"hidden\" name=\"_wpcf7_container_post\" value=\"0\" \/>\n<input type=\"hidden\" name=\"_wpcf7_posted_data_hash\" value=\"\" \/>\n<input type=\"hidden\" name=\"_wpcf7_recaptcha_response\" value=\"\" \/>\n<\/div>\n<div class=\"eut-form eut-underline\">\n\t<div class=\"eut-fields-wrapper\">\n\t\t<div>\n\t\t\t<h6>Va\u0161e ime <i class=\"eut-text-primary-1\">*<\/i>\n\t\t\t<\/h6>\n\t\t\t<p><span class=\"wpcf7-form-control-wrap\" data-name=\"your-name\"><input size=\"40\" maxlength=\"400\" class=\"wpcf7-form-control wpcf7-text wpcf7-validates-as-required\" aria-required=\"true\" aria-invalid=\"false\" value=\"\" type=\"text\" name=\"your-name\" \/><\/span>\n\t\t\t<\/p>\n\t\t<\/div>\n\t\t<div>\n\t\t\t<h6>Va\u0161 email <i class=\"eut-text-primary-1\">*<\/i>\n\t\t\t<\/h6>\n\t\t\t<p><span class=\"wpcf7-form-control-wrap\" data-name=\"your-email\"><input size=\"40\" maxlength=\"400\" class=\"wpcf7-form-control wpcf7-email wpcf7-validates-as-required wpcf7-text wpcf7-validates-as-email\" aria-required=\"true\" aria-invalid=\"false\" value=\"\" type=\"email\" name=\"your-email\" \/><\/span>\n\t\t\t<\/p>\n\t\t<\/div>\n\t\t<div>\n\t\t\t<h6>Poruka\n\t\t\t<\/h6>\n\t\t\t<p><span class=\"wpcf7-form-control-wrap\" data-name=\"your-message\"><textarea cols=\"40\" rows=\"10\" maxlength=\"2000\" class=\"wpcf7-form-control wpcf7-textarea\" aria-invalid=\"false\" name=\"your-message\"><\/textarea><\/span>\n\t\t\t<\/p>\n\t\t<\/div>\n\t\t<div>\n\t\t\t<p><input class=\"wpcf7-form-control wpcf7-submit has-spinner\" type=\"submit\" value=\"Po\u0161aljite poruku\" \/>\n\t\t\t<\/p>\n\t\t<\/div>\n\t\t<p><span class=\"wpcf7-form-control-wrap\" data-name=\"checkbox-privacy\"><span class=\"wpcf7-form-control wpcf7-checkbox wpcf7-validates-as-required\"><span class=\"wpcf7-list-item first last\"><input type=\"checkbox\" name=\"checkbox-privacy[]\" value=\"By providing these personal data, you acknowledge and agree that these personal data may be collected and processed for the purposes of contacting you or answering your queries. We will not use your personal data for other purposes.\" \/><span class=\"wpcf7-list-item-label\">Davanjem ovih osobnih podataka prihva\u0107ate i suglasni ste da se ti osobni podaci mogu prikupljati i obra\u0111ivati u svrhu kontaktiranja s vama ili odgovaranja na va\u0161e upite. Ne\u0107emo koristiti va\u0161e osobne podatke u druge svrhe.<\/span><\/span><\/span><\/span>\n\t\t<\/p>\n\t<\/div>\n<\/div><div class=\"wpcf7-response-output\" aria-hidden=\"true\"><\/div>\n<input type=\"hidden\" name=\"trp-form-language\" value=\"hr\"\/><\/form>\n<\/div>\n<\/div><\/div><div class=\"eut-column wpb_column eut-column-1-4\" ><div class=\"eut-column-wrapper\" ><\/div><\/div><\/div><\/div><div class=\"eut-background-wrapper\"><\/div><\/div><div class=\"eut-section eut-row-section eut-fullwidth-background eut-padding-top-3x eut-padding-bottom-3x eut-bg-none eut-headings-light eut-custom-height eut-equal-column\"  style=\"background-color:#1fc4be;background: linear-gradient(90deg,#1fc4be 0%,#41cfca 100%);color:#ffffff;\"><div class=\"eut-container\"><div class=\"eut-row eut-bookmark eut-columns-gap-30\"><div class=\"eut-column wpb_column eut-column-1-4\" ><div class=\"eut-column-wrapper\" ><h3 class=\"eut-element eut-title eut-align-center eut-h3\" style=\"\"><span>ENSESO4food<\/span><\/h3><\/div><\/div><div class=\"eut-column wpb_column eut-column-1-4 eut-headings-light\" ><div class=\"eut-column-wrapper vc_custom_1702241404559 eut-drop-shadow\" ><h3 class=\"eut-element eut-title eut-align-left eut-h5\" style=\"\"><span>Headquarters:<\/span><\/h3><div class=\"eut-element eut-text\">\r\n\t\t\t<p>Zagreb, Hrvatska<\/p>\n\r\n\t\t<\/div>\r\n\t<\/div><\/div><div class=\"eut-column wpb_column eut-column-1-4\" ><div class=\"eut-column-wrapper vc_custom_1702241388115 eut-drop-shadow\" ><h3 class=\"eut-element eut-title eut-align-left eut-h5\" style=\"\"><span>Ured:<\/span><\/h3><div class=\"eut-element eut-text\">\r\n\t\t\t<p>ENSESO4Food,LlC.<br \/>\n500 Carteret Street<br \/>\nBeaufort,SC\u00a029902<\/p>\n\r\n\t\t<\/div>\r\n\t<\/div><\/div><div class=\"eut-column wpb_column eut-column-1-4\" ><div class=\"eut-column-wrapper\" ><\/div><\/div><\/div><\/div><div class=\"eut-background-wrapper\"><\/div><\/div>","protected":false},"excerpt":{"rendered":"Let\u2019s keep in touch! WE REALLY APPRECIATE YOUR FEEDBACK Feel free to fill\u00a0 out the form below or just send us an email, and we will contact you shortlyinfo@enseso4food.com Your Name * Your Email * Your message By providing these personal data, you acknowledge and agree that these personal data may be collected and processed [...]","protected":false},"author":1,"featured_media":0,"parent":0,"menu_order":0,"comment_status":"closed","ping_status":"closed","template":"","meta":{"inline_featured_image":false,"footnotes":""},"class_list":["post-18","page","type-page","status-publish","hentry"],"_links":{"self":[{"href":"https:\/\/enseso4food.com\/hr\/wp-json\/wp\/v2\/pages\/18","targetHints":{"allow":["GET"]}}],"collection":[{"href":"https:\/\/enseso4food.com\/hr\/wp-json\/wp\/v2\/pages"}],"about":[{"href":"https:\/\/enseso4food.com\/hr\/wp-json\/wp\/v2\/types\/page"}],"author":[{"embeddable":true,"href":"https:\/\/enseso4food.com\/hr\/wp-json\/wp\/v2\/users\/1"}],"replies":[{"embeddable":true,"href":"https:\/\/enseso4food.com\/hr\/wp-json\/wp\/v2\/comments?post=18"}],"version-history":[{"count":77,"href":"https:\/\/enseso4food.com\/hr\/wp-json\/wp\/v2\/pages\/18\/revisions"}],"predecessor-version":[{"id":4898,"href":"https:\/\/enseso4food.com\/hr\/wp-json\/wp\/v2\/pages\/18\/revisions\/4898"}],"wp:attachment":[{"href":"https:\/\/enseso4food.com\/hr\/wp-json\/wp\/v2\/media?parent=18"}],"curies":[{"name":"wp","href":"https:\/\/api.w.org\/{rel}","templated":true}]}}